{"id":121,"date":"2023-11-18T16:05:49","date_gmt":"2023-11-18T16:05:49","guid":{"rendered":"https:\/\/escapadaenautocaravana.es\/?page_id=121"},"modified":"2026-03-01T17:41:36","modified_gmt":"2026-03-01T17:41:36","slug":"tarifas","status":"publish","type":"page","link":"https:\/\/escapadaenautocaravana.es\/?page_id=121","title":{"rendered":"Tarifas y Condiciones"},"content":{"rendered":"\t\t<div data-elementor-type=\"wp-page\" data-elementor-id=\"121\" class=\"elementor elementor-121\">\n\t\t\t\t\t\t\t<div class=\"elementor-element elementor-element-46fb527 e-flex e-con-boxed e-con e-parent\" data-id=\"46fb527\" data-element_type=\"container\" data-settings=\"{&quot;content_width&quot;:&quot;boxed&quot;}\" data-core-v316-plus=\"true\">\n\t\t\t\t\t<div class=\"e-con-inner\">\n\t\t\t\t<div class=\"elementor-element elementor-element-f5d6c5d elementor-widget elementor-widget-text-editor\" data-id=\"f5d6c5d\" data-element_type=\"widget\" data-widget_type=\"text-editor.default\">\n\t\t\t\t<div class=\"elementor-widget-container\">\n\t\t\t<style>\/*! elementor - v3.17.0 - 08-11-2023 *\/\n.elementor-widget-text-editor.elementor-drop-cap-view-stacked .elementor-drop-cap{background-color:#69727d;color:#fff}.elementor-widget-text-editor.elementor-drop-cap-view-framed .elementor-drop-cap{color:#69727d;border:3px solid;background-color:transparent}.elementor-widget-text-editor:not(.elementor-drop-cap-view-default) .elementor-drop-cap{margin-top:8px}.elementor-widget-text-editor:not(.elementor-drop-cap-view-default) .elementor-drop-cap-letter{width:1em;height:1em}.elementor-widget-text-editor .elementor-drop-cap{float:left;text-align:center;line-height:1;font-size:50px}.elementor-widget-text-editor .elementor-drop-cap-letter{display:inline-block}<\/style>\t\t\t\t<p style=\"text-align: center;\"><strong>TEMPORADA BAJA<\/strong><\/p><p style=\"text-align: center;\"><strong>(M\u00ednimo 3 noches. Precio 140\u20ac\/noche)<\/strong><\/p><ul><li style=\"list-style-type: none;\"><ul><li style=\"list-style-type: none;\"><ul><li style=\"list-style-type: none;\"><ul><li style=\"list-style-type: none;\"><ul><li>1 de Enero a 14 de Junio (excepto Semana Blanca y Semana Santa)<\/li><li>21 de Septiembre a 31 de Diciembre<\/li><\/ul><\/li><\/ul><\/li><\/ul><\/li><\/ul><\/li><\/ul><p style=\"text-align: center;\"><strong>TEMPORADA ALTA<\/strong><\/p><p style=\"text-align: center;\"><strong>(M\u00ednimo 6 noches. Precio 150\u20ac\/noche)<\/strong><\/p><ul><li style=\"list-style-type: none;\"><ul><li style=\"list-style-type: none;\"><ul><li style=\"list-style-type: none;\"><ul><li style=\"list-style-type: none;\"><ul><li>15 de Junio a 20 de septiembre<\/li><li>Semana Blanca (incluido fin de semana previo) y Semana Santa (incluido fin de semana previo).<\/li><\/ul><\/li><\/ul><\/li><\/ul><\/li><\/ul><\/li><\/ul>\t\t\t\t\t\t<\/div>\n\t\t\t\t<\/div>\n\t\t\t\t\t<\/div>\n\t\t\t\t<\/div>\n\t\t<div class=\"elementor-element elementor-element-fb1a482 e-flex e-con-boxed e-con e-parent\" data-id=\"fb1a482\" data-element_type=\"container\" data-settings=\"{&quot;content_width&quot;:&quot;boxed&quot;}\" data-core-v316-plus=\"true\">\n\t\t\t\t\t<div class=\"e-con-inner\">\n\t\t\t\t<div class=\"elementor-element elementor-element-daff7a5 elementor-tabs-view-horizontal elementor-widget elementor-widget-tabs\" data-id=\"daff7a5\" data-element_type=\"widget\" data-widget_type=\"tabs.default\">\n\t\t\t\t<div class=\"elementor-widget-container\">\n\t\t\t<style>\/*! elementor - v3.17.0 - 08-11-2023 *\/\n.elementor-widget-tabs.elementor-tabs-view-vertical .elementor-tabs-wrapper{width:25%;flex-shrink:0}.elementor-widget-tabs.elementor-tabs-view-vertical .elementor-tab-desktop-title.elementor-active{border-right-style:none}.elementor-widget-tabs.elementor-tabs-view-vertical .elementor-tab-desktop-title.elementor-active:after,.elementor-widget-tabs.elementor-tabs-view-vertical .elementor-tab-desktop-title.elementor-active:before{height:999em;width:0;right:0;border-right-style:solid}.elementor-widget-tabs.elementor-tabs-view-vertical .elementor-tab-desktop-title.elementor-active:before{top:0;transform:translateY(-100%)}.elementor-widget-tabs.elementor-tabs-view-vertical .elementor-tab-desktop-title.elementor-active:after{top:100%}.elementor-widget-tabs.elementor-tabs-view-horizontal .elementor-tab-desktop-title{display:table-cell}.elementor-widget-tabs.elementor-tabs-view-horizontal .elementor-tab-desktop-title.elementor-active{border-bottom-style:none}.elementor-widget-tabs.elementor-tabs-view-horizontal .elementor-tab-desktop-title.elementor-active:after,.elementor-widget-tabs.elementor-tabs-view-horizontal .elementor-tab-desktop-title.elementor-active:before{bottom:0;height:0;width:999em;border-bottom-style:solid}.elementor-widget-tabs.elementor-tabs-view-horizontal .elementor-tab-desktop-title.elementor-active:before{right:100%}.elementor-widget-tabs.elementor-tabs-view-horizontal .elementor-tab-desktop-title.elementor-active:after{left:100%}.elementor-widget-tabs .elementor-tab-content,.elementor-widget-tabs .elementor-tab-title,.elementor-widget-tabs .elementor-tab-title:after,.elementor-widget-tabs .elementor-tab-title:before,.elementor-widget-tabs .elementor-tabs-content-wrapper{border:1px #d5d8dc}.elementor-widget-tabs .elementor-tabs{text-align:left}.elementor-widget-tabs .elementor-tabs-wrapper{overflow:hidden}.elementor-widget-tabs .elementor-tab-title{cursor:pointer;outline:var(--focus-outline,none)}.elementor-widget-tabs .elementor-tab-desktop-title{position:relative;padding:20px 25px;font-weight:700;line-height:1;border:solid transparent}.elementor-widget-tabs .elementor-tab-desktop-title.elementor-active{border-color:#d5d8dc}.elementor-widget-tabs .elementor-tab-desktop-title.elementor-active:after,.elementor-widget-tabs .elementor-tab-desktop-title.elementor-active:before{display:block;content:\"\";position:absolute}.elementor-widget-tabs .elementor-tab-desktop-title:focus-visible{border:1px solid #000}.elementor-widget-tabs .elementor-tab-mobile-title{padding:10px;cursor:pointer}.elementor-widget-tabs .elementor-tab-content{padding:20px;display:none}@media (max-width:767px){.elementor-tabs .elementor-tab-content,.elementor-tabs .elementor-tab-title{border-style:solid solid none}.elementor-tabs .elementor-tabs-wrapper{display:none}.elementor-tabs .elementor-tabs-content-wrapper{border-bottom-style:solid}.elementor-tabs .elementor-tab-content{padding:10px}}@media (min-width:768px){.elementor-widget-tabs.elementor-tabs-view-vertical .elementor-tabs{display:flex}.elementor-widget-tabs.elementor-tabs-view-vertical .elementor-tabs-wrapper{flex-direction:column}.elementor-widget-tabs.elementor-tabs-view-vertical .elementor-tabs-content-wrapper{flex-grow:1;border-style:solid solid solid none}.elementor-widget-tabs.elementor-tabs-view-horizontal .elementor-tab-content{border-style:none solid solid}.elementor-widget-tabs.elementor-tabs-alignment-center .elementor-tabs-wrapper,.elementor-widget-tabs.elementor-tabs-alignment-end .elementor-tabs-wrapper,.elementor-widget-tabs.elementor-tabs-alignment-stretch .elementor-tabs-wrapper{display:flex}.elementor-widget-tabs.elementor-tabs-alignment-center .elementor-tabs-wrapper{justify-content:center}.elementor-widget-tabs.elementor-tabs-alignment-end .elementor-tabs-wrapper{justify-content:flex-end}.elementor-widget-tabs.elementor-tabs-alignment-stretch.elementor-tabs-view-horizontal .elementor-tab-title{width:100%}.elementor-widget-tabs.elementor-tabs-alignment-stretch.elementor-tabs-view-vertical .elementor-tab-title{height:100%}.elementor-tabs .elementor-tab-mobile-title{display:none}}<\/style>\t\t<div class=\"elementor-tabs\">\n\t\t\t<div class=\"elementor-tabs-wrapper\" role=\"tablist\" >\n\t\t\t\t\t\t\t\t\t<div id=\"elementor-tab-title-2291\" class=\"elementor-tab-title elementor-tab-desktop-title\" aria-selected=\"true\" data-tab=\"1\" role=\"tab\" tabindex=\"0\" aria-controls=\"elementor-tab-content-2291\" aria-expanded=\"false\">Incluye<\/div>\n\t\t\t\t\t\t\t\t\t<div id=\"elementor-tab-title-2292\" class=\"elementor-tab-title elementor-tab-desktop-title\" aria-selected=\"false\" data-tab=\"2\" role=\"tab\" tabindex=\"-1\" aria-controls=\"elementor-tab-content-2292\" aria-expanded=\"false\">Reserva, anulaci\u00f3n y pago<\/div>\n\t\t\t\t\t\t\t\t\t<div id=\"elementor-tab-title-2293\" class=\"elementor-tab-title elementor-tab-desktop-title\" aria-selected=\"false\" data-tab=\"3\" role=\"tab\" tabindex=\"-1\" aria-controls=\"elementor-tab-content-2293\" aria-expanded=\"false\">Fianza<\/div>\n\t\t\t\t\t\t\t\t\t<div id=\"elementor-tab-title-2294\" class=\"elementor-tab-title elementor-tab-desktop-title\" aria-selected=\"false\" data-tab=\"4\" role=\"tab\" tabindex=\"-1\" aria-controls=\"elementor-tab-content-2294\" aria-expanded=\"false\">Seguro<\/div>\n\t\t\t\t\t\t\t\t\t<div id=\"elementor-tab-title-2295\" class=\"elementor-tab-title elementor-tab-desktop-title\" aria-selected=\"false\" data-tab=\"5\" role=\"tab\" tabindex=\"-1\" aria-controls=\"elementor-tab-content-2295\" aria-expanded=\"false\">Conductor<\/div>\n\t\t\t\t\t\t\t\t\t<div id=\"elementor-tab-title-2296\" class=\"elementor-tab-title elementor-tab-desktop-title\" aria-selected=\"false\" data-tab=\"6\" role=\"tab\" tabindex=\"-1\" aria-controls=\"elementor-tab-content-2296\" aria-expanded=\"false\">Multas y Sanciones<\/div>\n\t\t\t\t\t\t\t\t\t<div id=\"elementor-tab-title-2297\" class=\"elementor-tab-title elementor-tab-desktop-title\" aria-selected=\"false\" data-tab=\"7\" role=\"tab\" tabindex=\"-1\" aria-controls=\"elementor-tab-content-2297\" aria-expanded=\"false\">Limpieza y carburante<\/div>\n\t\t\t\t\t\t\t\t\t<div id=\"elementor-tab-title-2298\" class=\"elementor-tab-title elementor-tab-desktop-title\" aria-selected=\"false\" data-tab=\"8\" role=\"tab\" tabindex=\"-1\" aria-controls=\"elementor-tab-content-2298\" aria-expanded=\"false\">Entrega<\/div>\n\t\t\t\t\t\t\t<\/div>\n\t\t\t<div class=\"elementor-tabs-content-wrapper\" role=\"tablist\" aria-orientation=\"vertical\">\n\t\t\t\t\t\t\t\t\t<div class=\"elementor-tab-title elementor-tab-mobile-title\" aria-selected=\"true\" data-tab=\"1\" role=\"tab\" tabindex=\"0\" aria-controls=\"elementor-tab-content-2291\" aria-expanded=\"false\">Incluye<\/div>\n\t\t\t\t\t<div id=\"elementor-tab-content-2291\" class=\"elementor-tab-content elementor-clearfix\" data-tab=\"1\" role=\"tabpanel\" aria-labelledby=\"elementor-tab-title-2291\" tabindex=\"0\" hidden=\"false\"><ul>\n<li>Kilometraje limitado a 250 km por d\u00eda.<\/li>\n<li>Kil\u00f3metro extra a 0,25 \u20ac.<\/li>\n<li>Seguro a todo riesgo con Franquicia.<\/li>\n<li>Asistencia telef\u00f3nica.<\/li>\n<\/ul>\n<p>\u00a1Sin sorpresas! Nuestros precios llevan incluidos todos los extras. La autocaravana dispone de menaje de cocina (vajilla completa, cuberter\u00eda, cacerolas, sartenes, cafetera&#8230;), ropa de hogar (toallas, mantel, pa\u00f1os&#8230;), 1 mesa, 3 butacas plegables, 2 sillas plegables, 2 banquitos plegables, portabicicletas y cadenas de nieve.<\/p><\/div>\n\t\t\t\t\t\t\t\t\t<div class=\"elementor-tab-title elementor-tab-mobile-title\" aria-selected=\"false\" data-tab=\"2\" role=\"tab\" tabindex=\"-1\" aria-controls=\"elementor-tab-content-2292\" aria-expanded=\"false\">Reserva, anulaci\u00f3n y pago<\/div>\n\t\t\t\t\t<div id=\"elementor-tab-content-2292\" class=\"elementor-tab-content elementor-clearfix\" data-tab=\"2\" role=\"tabpanel\" aria-labelledby=\"elementor-tab-title-2292\" tabindex=\"0\" hidden=\"hidden\"><p>Para validar una reserva de un vehi\u0301culo, se debera\u0301 hacer una reserva del 35% del precio total del alquiler. Si la fecha de reserva es igual o inferior a 10 dias a la fecha de recogida del vehi\u0301culo, se debera\u0301 abonar en la reserva el 100% del total del precio del alquiler.<\/p><p>En el caso de que el arrendador efectu\u0301e un depo\u0301sito y cancele la reserva, se le cobrara\u0301 un % sobre el total del alquiler:<\/p><ul><li>31 di\u0301as antes del primer di\u0301a de alquiler: penalizacio\u0301n del 50% del total del alquiler.<br \/>\u2022 Entre 30 y 16 di\u0301as antes del primer di\u0301a de alquiler: penalizacio\u0301n del 80% del total del alquiler.<\/li><li>A partir de 15 di\u0301as ha\u0301biles antes del primer di\u0301a de alquiler: penalizacio\u0301n del 100% del total del alquiler.<\/li><li>La no presentacio\u0301n del di\u0301a de la salida supondra\u0301 la pe\u0301rdida total de la reserva y del importe abonado.<\/li><li>Si el di\u0301a contratado de salida no se produce el pago total del contrato de alquiler, la compan\u0303i\u0301a defacto anulara\u0301 el contrato, y con e\u0301l, el cliente perder\u00e1 la totalidad de la reserva.<\/li><\/ul><p>El pago restante de la reserva debera\u0301 hacerse efectiva ma\u0301ximo 7 d\u00edas antes de la fecha de salida.<\/p><p>Los pagos podr\u00e1n efectuarse en efectivo o por transferencia.<\/p><\/div>\n\t\t\t\t\t\t\t\t\t<div class=\"elementor-tab-title elementor-tab-mobile-title\" aria-selected=\"false\" data-tab=\"3\" role=\"tab\" tabindex=\"-1\" aria-controls=\"elementor-tab-content-2293\" aria-expanded=\"false\">Fianza<\/div>\n\t\t\t\t\t<div id=\"elementor-tab-content-2293\" class=\"elementor-tab-content elementor-clearfix\" data-tab=\"3\" role=\"tabpanel\" aria-labelledby=\"elementor-tab-title-2293\" tabindex=\"0\" hidden=\"hidden\"><p>Para retirar la autocaravana debera de ser abonada el importe total de alquiler al igual que la fianza de 600 \u20ac, siendo devuelta en un plazo maximo de 48 horas tras verificar que no hay desperfectos o si los hubiera a la espera del presupuesto.<\/p><p>*Informaci\u00f3n m\u00e1s detallada en condiciones generales<\/p><\/div>\n\t\t\t\t\t\t\t\t\t<div class=\"elementor-tab-title elementor-tab-mobile-title\" aria-selected=\"false\" data-tab=\"4\" role=\"tab\" tabindex=\"-1\" aria-controls=\"elementor-tab-content-2294\" aria-expanded=\"false\">Seguro<\/div>\n\t\t\t\t\t<div id=\"elementor-tab-content-2294\" class=\"elementor-tab-content elementor-clearfix\" data-tab=\"4\" role=\"tabpanel\" aria-labelledby=\"elementor-tab-title-2294\" tabindex=\"0\" hidden=\"hidden\"><p>La autocaravana dispone de seguro a todo riesgo con franquicia de 600 euros. <br \/>En caso de siniestro corren a cargo del conductor \u00fanicamente el coste de los da\u00f1os propios hasta el l\u00edmite del importe de la franquicia, salvo que el culpable sea un tercero, en este caso la cobertura es completa, siempre que el parte de accidentes este debidamente cumplimentado y firmado por ambas partes.<\/p><p>*Informaci\u00f3n completa en condiciones generales.<\/p><\/div>\n\t\t\t\t\t\t\t\t\t<div class=\"elementor-tab-title elementor-tab-mobile-title\" aria-selected=\"false\" data-tab=\"5\" role=\"tab\" tabindex=\"-1\" aria-controls=\"elementor-tab-content-2295\" aria-expanded=\"false\">Conductor<\/div>\n\t\t\t\t\t<div id=\"elementor-tab-content-2295\" class=\"elementor-tab-content elementor-clearfix\" data-tab=\"5\" role=\"tabpanel\" aria-labelledby=\"elementor-tab-title-2295\" tabindex=\"0\" hidden=\"hidden\"><p>El arrendatario y conductor adicionales deben de tener mas de 25 a\u00f1os y con una antiguedad minima de 2 a\u00f1os de carnet de conducir clase B.<\/p><p>La autocaravana no podr\u00e1 ser retirada por otra persona que no sea el contratante.<\/p><p>Es obligatorio presentar los documentos identificativos tanto del arrendatarios como los posibles conductores, con un minimo de 48 horas de antelacion al inicio del alquiler, asi mismo el arrendador podr\u00e1 exigir, si lo considera necesario cualquier tipo de documento identificativo.<\/p><p>Est\u00e1 totalmente prohibido, fumar dentro del vehiculo. <br \/>Est\u00e1 totalmente prohibido, viajar con mascotas.<\/p><p>Si a la entrega del vehiculo se apreciara el inclumplimiento de una de estas dos normas, se penalizaria con la p\u00e9rdida del 100% de la fianza.<\/p><\/div>\n\t\t\t\t\t\t\t\t\t<div class=\"elementor-tab-title elementor-tab-mobile-title\" aria-selected=\"false\" data-tab=\"6\" role=\"tab\" tabindex=\"-1\" aria-controls=\"elementor-tab-content-2296\" aria-expanded=\"false\">Multas y Sanciones<\/div>\n\t\t\t\t\t<div id=\"elementor-tab-content-2296\" class=\"elementor-tab-content elementor-clearfix\" data-tab=\"6\" role=\"tabpanel\" aria-labelledby=\"elementor-tab-title-2296\" tabindex=\"0\" hidden=\"hidden\"><p>El conductor responde de cualquier multa, sanci\u00f3n y otras responsabilidades en las que pudiera incurrir por infringir la legislaci\u00f3n vigente en materia de circulaci\u00f3n, mientras dure el periodo de alquiler.<\/p><p>El veh\u00edculo se destinara a un uso normal, no pudiendo transportar m\u00e1s personas de las permitidas, si\u00e9ndole prohibido expresamente al arrendatario destinarlo a concursos o carreras, transporte de mercanc\u00eda, empujar o remolcar cualquier vehiculo, ceder el uso a terceros y conducir bajo los efectos del alcohol o drogas.<\/p><\/div>\n\t\t\t\t\t\t\t\t\t<div class=\"elementor-tab-title elementor-tab-mobile-title\" aria-selected=\"false\" data-tab=\"7\" role=\"tab\" tabindex=\"-1\" aria-controls=\"elementor-tab-content-2297\" aria-expanded=\"false\">Limpieza y carburante<\/div>\n\t\t\t\t\t<div id=\"elementor-tab-content-2297\" class=\"elementor-tab-content elementor-clearfix\" data-tab=\"7\" role=\"tabpanel\" aria-labelledby=\"elementor-tab-title-2297\" tabindex=\"0\" hidden=\"hidden\"><p>La autocaravana se devolvera\u0301 limpia por dentro y con los depo\u0301sitos residuales vaci\u0301os. En caso contrario, el cliente debera\u0301 abonar la cantidad de 100 \u20ac en concepto de limpieza interior y en caso de traer los depo\u0301sitos de aguas grises y del WC qui\u0301mico sucios, debera\u0301 abonar otro suplemento de 100 \u20ac.<\/p><p>La autocaravana se entrega con el depo\u0301sito de combustible lleno y asi\u0301 debe devolverse. En caso contrario, el arrendador cobrara\u0301 2,50 \u20ac brutos por litro de combustible diesel. El arrendatario correra\u0301 con los gastos de carburante y funcionamiento durante el peri\u0301odo de alquiler.<\/p><\/div>\n\t\t\t\t\t\t\t\t\t<div class=\"elementor-tab-title elementor-tab-mobile-title\" aria-selected=\"false\" data-tab=\"8\" role=\"tab\" tabindex=\"-1\" aria-controls=\"elementor-tab-content-2298\" aria-expanded=\"false\">Entrega<\/div>\n\t\t\t\t\t<div id=\"elementor-tab-content-2298\" class=\"elementor-tab-content elementor-clearfix\" data-tab=\"8\" role=\"tabpanel\" aria-labelledby=\"elementor-tab-title-2298\" tabindex=\"0\" hidden=\"hidden\"><p>La entrega y devoluci\u00f3n de la autocaravana se efectuar\u00e1 en el lugar, fecha y hora convenidos.<\/p><p>El retorno del veh\u00edculo antes de la fecha indicada no supondr\u00e1 reembolso alguno.<\/p><p>La no presentacion del arrendatario en el lugar y hora convenido, para el inicio del alquiler, tendra la consideraci\u00f3n y rescisi\u00f3n unilateral el contrato y de la reserva por parte del arrendatario, con penalizacion del 100 % de la reserva, dicha no presentacion facultar\u00e1 al arrendador a disponer del veh\u00edculo reservado no teniendo el cliente derecho a indemnizaci\u00f3n y compensaci\u00f3n ninguna.<\/p><p>Cualquier aumento del periodo del alquiler deber\u00e1 ser comunicado con una antelaci\u00f3n m\u00ednima de tres dias para su confirmaci\u00f3n, dependiendo esta de la disponibilidad del veh\u00edculo para dichas fechas, en el supuesto de que la prorroga fuera posible el arrendatario se obliga a pagar por anticipado, el coste adicional que origine dicha prorroga, no pudiendo retraerse bajo ning\u00fan concepto de la fianza depositada (Entiendase por prorroga la ampliaci\u00f3n del periodo de alquiler una vez iniciado el viaje), los retrasos en la entrega no autorizado ser\u00e1n penalizado con una tarifa diaria triple a la cantidad aplicada por contrato.<\/p><p>Si por motivos ajenos al arrendador, tales como averias, accidente o similares o de fuerza mayor no se pudiera entregar el dia indicado el arrendatario s\u00f3lo podr\u00e1 reclamar la se\u00f1al abonada al arrendador no dando derecho a ninguna indemnizaci\u00f3n.<\/p><\/div>\n\t\t\t\t\t\t\t<\/div>\n\t\t<\/div>\n\t\t\t\t<\/div>\n\t\t\t\t<\/div>\n\t\t\t\t<div class=\"elementor-element elementor-element-fbaf169 elementor-align-center elementor-widget elementor-widget-button\" data-id=\"fbaf169\" data-element_type=\"widget\" data-widget_type=\"button.default\">\n\t\t\t\t<div class=\"elementor-widget-container\">\n\t\t\t\t\t<div class=\"elementor-button-wrapper\">\n\t\t\t<a class=\"elementor-button elementor-button-link elementor-size-sm\" href=\"https:\/\/escapadaenautocaravana.es\/wp-content\/uploads\/2023\/11\/Condiciones-generales.pdf\">\n\t\t\t\t\t\t<span class=\"elementor-button-content-wrapper\">\n\t\t\t\t\t\t<span class=\"elementor-button-text\">Descargar condiciones generales<\/span>\n\t\t<\/span>\n\t\t\t\t\t<\/a>\n\t\t<\/div>\n\t\t\t\t<\/div>\n\t\t\t\t<\/div>\n\t\t\t\t\t<\/div>\n\t\t\t\t<\/div>\n\t\t\t\t\t\t\t<\/div>\n\t\t","protected":false},"excerpt":{"rendered":"<p>TEMPORADA BAJA (M\u00ednimo 3 noches. Precio 140\u20ac\/noche) 1 de Enero a 14 de Junio (excepto Semana Blanca y Semana Santa) 21 de Septiembre a 31 de Diciembre TEMPORADA ALTA (M\u00ednimo 6 noches. Precio 150\u20ac\/noche) 15 de Junio a 20 de septiembre Semana Blanca (incluido fin de semana previo) y Semana Santa (incluido fin de semana &hellip; <\/p>\n<p class=\"link-more\"><a href=\"https:\/\/escapadaenautocaravana.es\/?page_id=121\" class=\"more-link\">Leer m\u00e1s<span class=\"screen-reader-text\"> \u00abTarifas y Condiciones\u00bb<\/span><\/a><\/p>\n","protected":false},"author":1,"featured_media":0,"parent":0,"menu_order":0,"comment_status":"closed","ping_status":"closed","template":"","meta":{"footnotes":""},"class_list":["post-121","page","type-page","status-publish","hentry"],"jetpack_sharing_enabled":true,"_links":{"self":[{"href":"https:\/\/escapadaenautocaravana.es\/index.php?rest_route=\/wp\/v2\/pages\/121","targetHints":{"allow":["GET"]}}],"collection":[{"href":"https:\/\/escapadaenautocaravana.es\/index.php?rest_route=\/wp\/v2\/pages"}],"about":[{"href":"https:\/\/escapadaenautocaravana.es\/index.php?rest_route=\/wp\/v2\/types\/page"}],"author":[{"embeddable":true,"href":"https:\/\/escapadaenautocaravana.es\/index.php?rest_route=\/wp\/v2\/users\/1"}],"replies":[{"embeddable":true,"href":"https:\/\/escapadaenautocaravana.es\/index.php?rest_route=%2Fwp%2Fv2%2Fcomments&post=121"}],"version-history":[{"count":69,"href":"https:\/\/escapadaenautocaravana.es\/index.php?rest_route=\/wp\/v2\/pages\/121\/revisions"}],"predecessor-version":[{"id":324,"href":"https:\/\/escapadaenautocaravana.es\/index.php?rest_route=\/wp\/v2\/pages\/121\/revisions\/324"}],"wp:attachment":[{"href":"https:\/\/escapadaenautocaravana.es\/index.php?rest_route=%2Fwp%2Fv2%2Fmedia&parent=121"}],"curies":[{"name":"wp","href":"https:\/\/api.w.org\/{rel}","templated":true}]}}